{"id":121,"date":"2022-07-03T22:19:59","date_gmt":"2022-07-03T20:19:59","guid":{"rendered":"http:\/\/www.larenedesmachines.fr\/?page_id=121"},"modified":"2022-07-08T11:35:35","modified_gmt":"2022-07-08T09:35:35","slug":"devis","status":"publish","type":"page","link":"https:\/\/www.larenedesmachines.fr\/index.php\/infos\/devis\/","title":{"rendered":"Demander un devis"},"content":{"rendered":"\n<p>D\u00e9crivez-moi votre probl\u00e8me et la machine concern\u00e9e, je vous recontacterai rapidement.<\/p>\n\n\n\n<div role=\"form\" class=\"wpcf7\" id=\"wpcf7-f117-o1\" lang=\"fr-FR\" dir=\"ltr\">\n<div class=\"screen-reader-response\"><p role=\"status\" aria-live=\"polite\" aria-atomic=\"true\"><\/p> <ul><\/ul><\/div>\n<form action=\"\/index.php\/wp-json\/wp\/v2\/pages\/121#wpcf7-f117-o1\" method=\"post\" class=\"wpcf7-form init\" novalidate=\"novalidate\" data-status=\"init\">\n<div style=\"display: none;\">\n<input type=\"hidden\" name=\"_wpcf7\" value=\"117\" \/>\n<input type=\"hidden\" name=\"_wpcf7_version\" value=\"5.6\" \/>\n<input type=\"hidden\" name=\"_wpcf7_locale\" value=\"fr_FR\" \/>\n<input type=\"hidden\" name=\"_wpcf7_unit_tag\" value=\"wpcf7-f117-o1\" \/>\n<input type=\"hidden\" name=\"_wpcf7_container_post\" value=\"0\" \/>\n<input type=\"hidden\" name=\"_wpcf7_posted_data_hash\" value=\"\" \/>\n<\/div>\n<p>Votre nom <span class=\"wpcf7-form-control-wrap\" data-name=\"your-name\"><input type=\"text\" name=\"your-name\" value=\"\" size=\"40\" class=\"wpcf7-form-control wpcf7-text wpcf7-validates-as-required\" aria-required=\"true\" aria-invalid=\"false\" \/><\/span> <\/label><br \/>\n<label> Votre e-mail<br \/>\n    <span class=\"wpcf7-form-control-wrap\" data-name=\"your-email\"><input type=\"email\" name=\"your-email\" value=\"\" size=\"40\" class=\"wpcf7-form-control wpcf7-text wpcf7-email wpcf7-validates-as-required wpcf7-validates-as-email\" aria-required=\"true\" aria-invalid=\"false\" \/><\/span> <\/label><\/p>\n<p><label> Votre message<br \/>\n    <span class=\"wpcf7-form-control-wrap\" data-name=\"your-message\"><textarea name=\"your-message\" cols=\"40\" rows=\"10\" class=\"wpcf7-form-control wpcf7-textarea\" aria-invalid=\"false\"><\/textarea><\/span> <\/label><\/p>\n<p><input type=\"submit\" value=\"Envoyer\" class=\"wpcf7-form-control has-spinner wpcf7-submit\" \/><\/p>\n<div class=\"wpcf7-response-output\" aria-hidden=\"true\"><\/div><\/form><\/div>\n","protected":false},"excerpt":{"rendered":"<p>D\u00e9crivez-moi votre probl\u00e8me et la machine concern\u00e9e, je vous recontacterai rapidement.<\/p>\n","protected":false},"author":1,"featured_media":0,"parent":8,"menu_order":0,"comment_status":"closed","ping_status":"closed","template":"","meta":{"footnotes":""},"class_list":["post-121","page","type-page","status-publish","hentry"],"yoast_head":"<!-- This site is optimized with the Yoast SEO plugin v19.2 - https:\/\/yoast.com\/wordpress\/plugins\/seo\/ -->\n<title>Demander un devis - N\u00eemes, Arles et alentours<\/title>\n<meta name=\"robots\" content=\"index, follow, max-snippet:-1, max-image-preview:large, max-video-preview:-1\" \/>\n<link rel=\"canonical\" href=\"https:\/\/www.larenedesmachines.fr\/index.php\/infos\/devis\/\" \/>\n<meta property=\"og:locale\" content=\"en_US\" \/>\n<meta property=\"og:type\" content=\"article\" \/>\n<meta property=\"og:title\" content=\"Demander un devis - N\u00eemes, Arles et alentours\" \/>\n<meta property=\"og:description\" content=\"D\u00e9crivez-moi votre probl\u00e8me et la machine concern\u00e9e, je vous recontacterai rapidement.\" \/>\n<meta property=\"og:url\" content=\"https:\/\/www.larenedesmachines.fr\/index.php\/infos\/devis\/\" \/>\n<meta property=\"og:site_name\" content=\"N\u00eemes, Arles et alentours\" \/>\n<meta property=\"article:publisher\" content=\"https:\/\/www.facebook.com\/larenedesmachines\/\" \/>\n<meta property=\"article:modified_time\" content=\"2022-07-08T09:35:35+00:00\" \/>\n<meta name=\"author\" content=\"admin\" \/>\n<meta name=\"twitter:card\" content=\"summary_large_image\" \/>\n<script type=\"application\/ld+json\" class=\"yoast-schema-graph\">{\"@context\":\"https:\/\/schema.org\",\"@graph\":[{\"@type\":\"Organization\",\"@id\":\"https:\/\/www.larenedesmachines.fr\/#organization\",\"name\":\"L'ar\u00e8ne des machines\",\"url\":\"https:\/\/www.larenedesmachines.fr\/\",\"sameAs\":[\"https:\/\/www.instagram.com\/larenedesmachines\/\",\"https:\/\/www.facebook.com\/larenedesmachines\/\"],\"logo\":{\"@type\":\"ImageObject\",\"inLanguage\":\"en-US\",\"@id\":\"https:\/\/www.larenedesmachines.fr\/#\/schema\/logo\/image\/\",\"url\":\"http:\/\/www.larenedesmachines.fr\/wp-content\/uploads\/2022\/07\/logo-def.png\",\"contentUrl\":\"http:\/\/www.larenedesmachines.fr\/wp-content\/uploads\/2022\/07\/logo-def.png\",\"width\":5813,\"height\":5163,\"caption\":\"L'ar\u00e8ne des machines\"},\"image\":{\"@id\":\"https:\/\/www.larenedesmachines.fr\/#\/schema\/logo\/image\/\"}},{\"@type\":\"WebSite\",\"@id\":\"https:\/\/www.larenedesmachines.fr\/#website\",\"url\":\"https:\/\/www.larenedesmachines.fr\/\",\"name\":\"N\u00eemes, Arles et alentours\",\"description\":\"\",\"publisher\":{\"@id\":\"https:\/\/www.larenedesmachines.fr\/#organization\"},\"potentialAction\":[{\"@type\":\"SearchAction\",\"target\":{\"@type\":\"EntryPoint\",\"urlTemplate\":\"https:\/\/www.larenedesmachines.fr\/?s={search_term_string}\"},\"query-input\":\"required name=search_term_string\"}],\"inLanguage\":\"en-US\"},{\"@type\":\"WebPage\",\"@id\":\"https:\/\/www.larenedesmachines.fr\/index.php\/infos\/devis\/#webpage\",\"url\":\"https:\/\/www.larenedesmachines.fr\/index.php\/infos\/devis\/\",\"name\":\"Demander un devis - N\u00eemes, Arles et alentours\",\"isPartOf\":{\"@id\":\"https:\/\/www.larenedesmachines.fr\/#website\"},\"datePublished\":\"2022-07-03T20:19:59+00:00\",\"dateModified\":\"2022-07-08T09:35:35+00:00\",\"breadcrumb\":{\"@id\":\"https:\/\/www.larenedesmachines.fr\/index.php\/infos\/devis\/#breadcrumb\"},\"inLanguage\":\"en-US\",\"potentialAction\":[{\"@type\":\"ReadAction\",\"target\":[\"https:\/\/www.larenedesmachines.fr\/index.php\/infos\/devis\/\"]}]},{\"@type\":\"BreadcrumbList\",\"@id\":\"https:\/\/www.larenedesmachines.fr\/index.php\/infos\/devis\/#breadcrumb\",\"itemListElement\":[{\"@type\":\"ListItem\",\"position\":1,\"name\":\"Accueil\",\"item\":\"https:\/\/www.larenedesmachines.fr\/\"},{\"@type\":\"ListItem\",\"position\":2,\"name\":\"Informations utiles\",\"item\":\"https:\/\/www.larenedesmachines.fr\/index.php\/infos\/\"},{\"@type\":\"ListItem\",\"position\":3,\"name\":\"Demander un devis\"}]}]}<\/script>\n<!-- \/ Yoast SEO plugin. -->","yoast_head_json":{"title":"Demander un devis - N\u00eemes, Arles et alentours","robots":{"index":"index","follow":"follow","max-snippet":"max-snippet:-1","max-image-preview":"max-image-preview:large","max-video-preview":"max-video-preview:-1"},"canonical":"https:\/\/www.larenedesmachines.fr\/index.php\/infos\/devis\/","og_locale":"en_US","og_type":"article","og_title":"Demander un devis - N\u00eemes, Arles et alentours","og_description":"D\u00e9crivez-moi votre probl\u00e8me et la machine concern\u00e9e, je vous recontacterai rapidement.","og_url":"https:\/\/www.larenedesmachines.fr\/index.php\/infos\/devis\/","og_site_name":"N\u00eemes, Arles et alentours","article_publisher":"https:\/\/www.facebook.com\/larenedesmachines\/","article_modified_time":"2022-07-08T09:35:35+00:00","author":"admin","twitter_card":"summary_large_image","schema":{"@context":"https:\/\/schema.org","@graph":[{"@type":"Organization","@id":"https:\/\/www.larenedesmachines.fr\/#organization","name":"L'ar\u00e8ne des machines","url":"https:\/\/www.larenedesmachines.fr\/","sameAs":["https:\/\/www.instagram.com\/larenedesmachines\/","https:\/\/www.facebook.com\/larenedesmachines\/"],"logo":{"@type":"ImageObject","inLanguage":"en-US","@id":"https:\/\/www.larenedesmachines.fr\/#\/schema\/logo\/image\/","url":"http:\/\/www.larenedesmachines.fr\/wp-content\/uploads\/2022\/07\/logo-def.png","contentUrl":"http:\/\/www.larenedesmachines.fr\/wp-content\/uploads\/2022\/07\/logo-def.png","width":5813,"height":5163,"caption":"L'ar\u00e8ne des machines"},"image":{"@id":"https:\/\/www.larenedesmachines.fr\/#\/schema\/logo\/image\/"}},{"@type":"WebSite","@id":"https:\/\/www.larenedesmachines.fr\/#website","url":"https:\/\/www.larenedesmachines.fr\/","name":"N\u00eemes, Arles et alentours","description":"","publisher":{"@id":"https:\/\/www.larenedesmachines.fr\/#organization"},"potentialAction":[{"@type":"SearchAction","target":{"@type":"EntryPoint","urlTemplate":"https:\/\/www.larenedesmachines.fr\/?s={search_term_string}"},"query-input":"required name=search_term_string"}],"inLanguage":"en-US"},{"@type":"WebPage","@id":"https:\/\/www.larenedesmachines.fr\/index.php\/infos\/devis\/#webpage","url":"https:\/\/www.larenedesmachines.fr\/index.php\/infos\/devis\/","name":"Demander un devis - N\u00eemes, Arles et alentours","isPartOf":{"@id":"https:\/\/www.larenedesmachines.fr\/#website"},"datePublished":"2022-07-03T20:19:59+00:00","dateModified":"2022-07-08T09:35:35+00:00","breadcrumb":{"@id":"https:\/\/www.larenedesmachines.fr\/index.php\/infos\/devis\/#breadcrumb"},"inLanguage":"en-US","potentialAction":[{"@type":"ReadAction","target":["https:\/\/www.larenedesmachines.fr\/index.php\/infos\/devis\/"]}]},{"@type":"BreadcrumbList","@id":"https:\/\/www.larenedesmachines.fr\/index.php\/infos\/devis\/#breadcrumb","itemListElement":[{"@type":"ListItem","position":1,"name":"Accueil","item":"https:\/\/www.larenedesmachines.fr\/"},{"@type":"ListItem","position":2,"name":"Informations utiles","item":"https:\/\/www.larenedesmachines.fr\/index.php\/infos\/"},{"@type":"ListItem","position":3,"name":"Demander un devis"}]}]}},"_links":{"self":[{"href":"https:\/\/www.larenedesmachines.fr\/index.php\/wp-json\/wp\/v2\/pages\/121","targetHints":{"allow":["GET"]}}],"collection":[{"href":"https:\/\/www.larenedesmachines.fr\/index.php\/wp-json\/wp\/v2\/pages"}],"about":[{"href":"https:\/\/www.larenedesmachines.fr\/index.php\/wp-json\/wp\/v2\/types\/page"}],"author":[{"embeddable":true,"href":"https:\/\/www.larenedesmachines.fr\/index.php\/wp-json\/wp\/v2\/users\/1"}],"replies":[{"embeddable":true,"href":"https:\/\/www.larenedesmachines.fr\/index.php\/wp-json\/wp\/v2\/comments?post=121"}],"version-history":[{"count":3,"href":"https:\/\/www.larenedesmachines.fr\/index.php\/wp-json\/wp\/v2\/pages\/121\/revisions"}],"predecessor-version":[{"id":125,"href":"https:\/\/www.larenedesmachines.fr\/index.php\/wp-json\/wp\/v2\/pages\/121\/revisions\/125"}],"up":[{"embeddable":true,"href":"https:\/\/www.larenedesmachines.fr\/index.php\/wp-json\/wp\/v2\/pages\/8"}],"wp:attachment":[{"href":"https:\/\/www.larenedesmachines.fr\/index.php\/wp-json\/wp\/v2\/media?parent=121"}],"curies":[{"name":"wp","href":"https:\/\/api.w.org\/{rel}","templated":true}]}}